{"id":562,"date":"2024-07-23T09:45:01","date_gmt":"2024-07-23T07:45:01","guid":{"rendered":"https:\/\/guiamb.com\/guiamb-inicio\/"},"modified":"2024-10-29T16:51:09","modified_gmt":"2024-10-29T15:51:09","slug":"guiamb-inicio","status":"publish","type":"page","link":"https:\/\/guiamb.com\/ca\/","title":{"rendered":"GUIAMB &#8211; Inici"},"content":{"rendered":"\t\t<div data-elementor-type=\"wp-page\" data-elementor-id=\"562\" class=\"elementor elementor-562 elementor-86\" data-elementor-post-type=\"page\">\n\t\t\t\t<div class=\"elementor-element elementor-element-ef0d25a e-con-full e-flex e-con e-parent\" data-id=\"ef0d25a\" data-element_type=\"container\" data-settings=\"{&quot;background_background&quot;:&quot;classic&quot;}\">\n\t\t\t\t<div class=\"elementor-element elementor-element-d176bc7 elementor-widget elementor-widget-heading\" data-id=\"d176bc7\" data-element_type=\"widget\" data-widget_type=\"heading.default\">\n\t\t\t\t<div class=\"elementor-widget-container\">\n\t\t\t\t\t<h2 class=\"elementor-heading-title elementor-size-default\">Tot el que \u00e9s necessari fora de l\u2019escenari<\/h2>\t\t\t\t<\/div>\n\t\t\t\t<\/div>\n\t\t\t\t<div class=\"elementor-element elementor-element-0885f77 elementor-hidden-mobile elementor-widget elementor-widget-image\" data-id=\"0885f77\" data-element_type=\"widget\" data-widget_type=\"image.default\">\n\t\t\t\t<div class=\"elementor-widget-container\">\n\t\t\t\t\t\t\t\t\t\t\t\t\t\t\t<img fetchpriority=\"high\" decoding=\"async\" width=\"2560\" height=\"1336\" src=\"https:\/\/guiamb.com\/wp-content\/uploads\/2024\/07\/cabecera-guiamb.jpg\" class=\"attachment-full size-full wp-image-143\" alt=\"\" srcset=\"https:\/\/guiamb.com\/wp-content\/uploads\/2024\/07\/cabecera-guiamb.jpg 2560w, https:\/\/guiamb.com\/wp-content\/uploads\/2024\/07\/cabecera-guiamb-300x157.jpg 300w, https:\/\/guiamb.com\/wp-content\/uploads\/2024\/07\/cabecera-guiamb-1024x534.jpg 1024w, https:\/\/guiamb.com\/wp-content\/uploads\/2024\/07\/cabecera-guiamb-768x401.jpg 768w, https:\/\/guiamb.com\/wp-content\/uploads\/2024\/07\/cabecera-guiamb-1536x802.jpg 1536w, https:\/\/guiamb.com\/wp-content\/uploads\/2024\/07\/cabecera-guiamb-2048x1069.jpg 2048w\" sizes=\"(max-width: 2560px) 100vw, 2560px\" \/>\t\t\t\t\t\t\t\t\t\t\t\t\t\t\t<\/div>\n\t\t\t\t<\/div>\n\t\t\t\t<div class=\"elementor-element elementor-element-ecfeaa3 elementor-hidden-desktop elementor-hidden-tablet elementor-widget elementor-widget-image\" data-id=\"ecfeaa3\" data-element_type=\"widget\" data-widget_type=\"image.default\">\n\t\t\t\t<div class=\"elementor-widget-container\">\n\t\t\t\t\t\t\t\t\t\t\t\t\t\t\t<img decoding=\"async\" width=\"1800\" height=\"1275\" src=\"https:\/\/guiamb.com\/wp-content\/uploads\/2024\/08\/cabecera-guiamb-movil.jpg\" class=\"attachment-full size-full wp-image-437\" alt=\"\" srcset=\"https:\/\/guiamb.com\/wp-content\/uploads\/2024\/08\/cabecera-guiamb-movil.jpg 1800w, https:\/\/guiamb.com\/wp-content\/uploads\/2024\/08\/cabecera-guiamb-movil-300x213.jpg 300w, https:\/\/guiamb.com\/wp-content\/uploads\/2024\/08\/cabecera-guiamb-movil-1024x725.jpg 1024w, https:\/\/guiamb.com\/wp-content\/uploads\/2024\/08\/cabecera-guiamb-movil-768x544.jpg 768w, https:\/\/guiamb.com\/wp-content\/uploads\/2024\/08\/cabecera-guiamb-movil-1536x1088.jpg 1536w\" sizes=\"(max-width: 1800px) 100vw, 1800px\" \/>\t\t\t\t\t\t\t\t\t\t\t\t\t\t\t<\/div>\n\t\t\t\t<\/div>\n\t\t\t\t<\/div>\n\t\t<div class=\"elementor-element elementor-element-cbb3670 e-con-full e-flex e-con e-parent\" data-id=\"cbb3670\" data-element_type=\"container\">\n\t\t\t\t<div class=\"elementor-element elementor-element-914104a elementor-widget__width-initial elementor-widget elementor-widget-text-editor\" data-id=\"914104a\" data-element_type=\"widget\" data-widget_type=\"text-editor.default\">\n\t\t\t\t<div class=\"elementor-widget-container\">\n\t\t\t\t\t\t\t\t\t<p>Guia\u2019MB \u00e9s una empresa de gesti\u00f3 cultural fundada per Manuel i Beatriu, especialitzats a cobrir totes les necessitats pr\u00f2pies de l\u2019\u00e0mbit cultural, art\u00edstic i creatiu.<\/p><p>T\u2019ajudem amb tot tipus de tr\u00e0mits per fer realitat el teu projecte: des de la gesti\u00f3 de subvencions i tasques administratives, a la producci\u00f3, difusi\u00f3 i distribuci\u00f3 d\u2019espectacles.<\/p>\t\t\t\t\t\t\t\t<\/div>\n\t\t\t\t<\/div>\n\t\t\t\t<\/div>\n\t\t<div class=\"elementor-element elementor-element-bf20f68 e-flex e-con-boxed e-con e-parent\" data-id=\"bf20f68\" data-element_type=\"container\">\n\t\t\t\t\t<div class=\"e-con-inner\">\n\t\t<a class=\"elementor-element elementor-element-0a14825 e-con-full e-flex e-con e-child\" data-id=\"0a14825\" data-element_type=\"container\" href=\"https:\/\/guiamb.com\/ca\/qui-som\/\">\n\t\t\t\t<div class=\"elementor-element elementor-element-1a172e6 e-transform elementor-widget elementor-widget-image\" data-id=\"1a172e6\" data-element_type=\"widget\" data-settings=\"{&quot;_transform_translateX_effect_hover&quot;:{&quot;unit&quot;:&quot;px&quot;,&quot;size&quot;:0,&quot;sizes&quot;:[]},&quot;_transform_translateY_effect_hover&quot;:{&quot;unit&quot;:&quot;px&quot;,&quot;size&quot;:-5,&quot;sizes&quot;:[]},&quot;_transform_translateX_effect_hover_tablet&quot;:{&quot;unit&quot;:&quot;px&quot;,&quot;size&quot;:&quot;&quot;,&quot;sizes&quot;:[]},&quot;_transform_translateX_effect_hover_mobile&quot;:{&quot;unit&quot;:&quot;px&quot;,&quot;size&quot;:&quot;&quot;,&quot;sizes&quot;:[]},&quot;_transform_translateY_effect_hover_tablet&quot;:{&quot;unit&quot;:&quot;px&quot;,&quot;size&quot;:&quot;&quot;,&quot;sizes&quot;:[]},&quot;_transform_translateY_effect_hover_mobile&quot;:{&quot;unit&quot;:&quot;px&quot;,&quot;size&quot;:&quot;&quot;,&quot;sizes&quot;:[]}}\" data-widget_type=\"image.default\">\n\t\t\t\t<div class=\"elementor-widget-container\">\n\t\t\t\t\t\t\t\t\t\t\t\t\t\t\t<img decoding=\"async\" width=\"357\" height=\"281\" src=\"https:\/\/guiamb.com\/wp-content\/uploads\/2024\/07\/icono-equipo-guiamb.gif\" class=\"attachment-full size-full wp-image-161\" alt=\"\" \/>\t\t\t\t\t\t\t\t\t\t\t\t\t\t\t<\/div>\n\t\t\t\t<\/div>\n\t\t\t\t<div class=\"elementor-element elementor-element-7c1da7b elementor-widget elementor-widget-heading\" data-id=\"7c1da7b\" data-element_type=\"widget\" data-widget_type=\"heading.default\">\n\t\t\t\t<div class=\"elementor-widget-container\">\n\t\t\t\t\t<h2 class=\"elementor-heading-title elementor-size-default\">QUI SOM?<\/h2>\t\t\t\t<\/div>\n\t\t\t\t<\/div>\n\t\t\t\t<\/a>\n\t\t<a class=\"elementor-element elementor-element-edb2d77 e-con-full e-flex e-con e-child\" data-id=\"edb2d77\" data-element_type=\"container\" href=\"https:\/\/guiamb.com\/ca\/serveis\/\">\n\t\t\t\t<div class=\"elementor-element elementor-element-34246cb e-transform elementor-widget elementor-widget-image\" data-id=\"34246cb\" data-element_type=\"widget\" data-settings=\"{&quot;_transform_translateX_effect_hover&quot;:{&quot;unit&quot;:&quot;px&quot;,&quot;size&quot;:0,&quot;sizes&quot;:[]},&quot;_transform_translateY_effect_hover&quot;:{&quot;unit&quot;:&quot;px&quot;,&quot;size&quot;:-5,&quot;sizes&quot;:[]},&quot;_transform_translateX_effect_hover_tablet&quot;:{&quot;unit&quot;:&quot;px&quot;,&quot;size&quot;:&quot;&quot;,&quot;sizes&quot;:[]},&quot;_transform_translateX_effect_hover_mobile&quot;:{&quot;unit&quot;:&quot;px&quot;,&quot;size&quot;:&quot;&quot;,&quot;sizes&quot;:[]},&quot;_transform_translateY_effect_hover_tablet&quot;:{&quot;unit&quot;:&quot;px&quot;,&quot;size&quot;:&quot;&quot;,&quot;sizes&quot;:[]},&quot;_transform_translateY_effect_hover_mobile&quot;:{&quot;unit&quot;:&quot;px&quot;,&quot;size&quot;:&quot;&quot;,&quot;sizes&quot;:[]}}\" data-widget_type=\"image.default\">\n\t\t\t\t<div class=\"elementor-widget-container\">\n\t\t\t\t\t\t\t\t\t\t\t\t\t\t\t<img loading=\"lazy\" decoding=\"async\" width=\"357\" height=\"281\" src=\"https:\/\/guiamb.com\/wp-content\/uploads\/2024\/07\/icono-servicios-guiamb.gif\" class=\"attachment-full size-full wp-image-167\" alt=\"\" \/>\t\t\t\t\t\t\t\t\t\t\t\t\t\t\t<\/div>\n\t\t\t\t<\/div>\n\t\t\t\t<div class=\"elementor-element elementor-element-46cc8b9 elementor-widget elementor-widget-heading\" data-id=\"46cc8b9\" data-element_type=\"widget\" data-widget_type=\"heading.default\">\n\t\t\t\t<div class=\"elementor-widget-container\">\n\t\t\t\t\t<h2 class=\"elementor-heading-title elementor-size-default\">SERVEIS<\/h2>\t\t\t\t<\/div>\n\t\t\t\t<\/div>\n\t\t\t\t<\/a>\n\t\t<a class=\"elementor-element elementor-element-96eff84 e-con-full e-flex e-con e-child\" data-id=\"96eff84\" data-element_type=\"container\" href=\"https:\/\/guiamb.com\/ca\/projectes\/\">\n\t\t\t\t<div class=\"elementor-element elementor-element-c584364 e-transform elementor-widget elementor-widget-image\" data-id=\"c584364\" data-element_type=\"widget\" data-settings=\"{&quot;_transform_translateX_effect_hover&quot;:{&quot;unit&quot;:&quot;px&quot;,&quot;size&quot;:0,&quot;sizes&quot;:[]},&quot;_transform_translateY_effect_hover&quot;:{&quot;unit&quot;:&quot;px&quot;,&quot;size&quot;:-5,&quot;sizes&quot;:[]},&quot;_transform_translateX_effect_hover_tablet&quot;:{&quot;unit&quot;:&quot;px&quot;,&quot;size&quot;:&quot;&quot;,&quot;sizes&quot;:[]},&quot;_transform_translateX_effect_hover_mobile&quot;:{&quot;unit&quot;:&quot;px&quot;,&quot;size&quot;:&quot;&quot;,&quot;sizes&quot;:[]},&quot;_transform_translateY_effect_hover_tablet&quot;:{&quot;unit&quot;:&quot;px&quot;,&quot;size&quot;:&quot;&quot;,&quot;sizes&quot;:[]},&quot;_transform_translateY_effect_hover_mobile&quot;:{&quot;unit&quot;:&quot;px&quot;,&quot;size&quot;:&quot;&quot;,&quot;sizes&quot;:[]}}\" data-widget_type=\"image.default\">\n\t\t\t\t<div class=\"elementor-widget-container\">\n\t\t\t\t\t\t\t\t\t\t\t\t\t\t\t<img loading=\"lazy\" decoding=\"async\" width=\"357\" height=\"281\" src=\"https:\/\/guiamb.com\/wp-content\/uploads\/2024\/07\/icono-proyectos-guiamb.gif\" class=\"attachment-full size-full wp-image-164\" alt=\"\" \/>\t\t\t\t\t\t\t\t\t\t\t\t\t\t\t<\/div>\n\t\t\t\t<\/div>\n\t\t\t\t<div class=\"elementor-element elementor-element-90107e6 elementor-widget elementor-widget-heading\" data-id=\"90107e6\" data-element_type=\"widget\" data-widget_type=\"heading.default\">\n\t\t\t\t<div class=\"elementor-widget-container\">\n\t\t\t\t\t<h2 class=\"elementor-heading-title elementor-size-default\">PROJECTES<\/h2>\t\t\t\t<\/div>\n\t\t\t\t<\/div>\n\t\t\t\t<\/a>\n\t\t\t\t\t<\/div>\n\t\t\t\t<\/div>\n\t\t<div class=\"elementor-element elementor-element-1364c33 e-con-full e-flex e-con e-parent\" data-id=\"1364c33\" data-element_type=\"container\">\n\t\t<div class=\"elementor-element elementor-element-8b613bb e-con-full e-flex e-con e-child\" data-id=\"8b613bb\" data-element_type=\"container\">\n\t\t\t\t<div class=\"elementor-element elementor-element-0aa36cd elementor-invisible elementor-widget elementor-widget-image\" data-id=\"0aa36cd\" data-element_type=\"widget\" data-settings=\"{&quot;_animation&quot;:&quot;fadeInLeft&quot;}\" data-widget_type=\"image.default\">\n\t\t\t\t<div class=\"elementor-widget-container\">\n\t\t\t\t\t\t\t\t\t\t\t\t\t\t\t<img decoding=\"async\" src=\"https:\/\/guiamb.com\/wp-content\/uploads\/2024\/07\/guiamb-gestion-cultural-home.jpg\" title=\"\" alt=\"\" loading=\"lazy\" \/>\t\t\t\t\t\t\t\t\t\t\t\t\t\t\t<\/div>\n\t\t\t\t<\/div>\n\t\t\t\t<\/div>\n\t\t<div class=\"elementor-element elementor-element-6d0453e e-con-full e-flex e-con e-child\" data-id=\"6d0453e\" data-element_type=\"container\" data-settings=\"{&quot;background_background&quot;:&quot;classic&quot;}\">\n\t\t\t\t<div class=\"elementor-element elementor-element-4bdf553 elementor-widget elementor-widget-heading\" data-id=\"4bdf553\" data-element_type=\"widget\" data-widget_type=\"heading.default\">\n\t\t\t\t<div class=\"elementor-widget-container\">\n\t\t\t\t\t<h3 class=\"elementor-heading-title elementor-size-default\">Et guiem b\u00e9<\/h3>\t\t\t\t<\/div>\n\t\t\t\t<\/div>\n\t\t\t\t<div class=\"elementor-element elementor-element-56613f2 elementor-widget__width-initial elementor-widget elementor-widget-text-editor\" data-id=\"56613f2\" data-element_type=\"widget\" data-widget_type=\"text-editor.default\">\n\t\t\t\t<div class=\"elementor-widget-container\">\n\t\t\t\t\t\t\t\t\t<p>A Guia\u2019MB <strong>abordem les teues preocupacions<\/strong> amb atenci\u00f3 personalitzada i propera per complir amb el <strong>nostre lema<\/strong>: <em>Oferir-te tot el que \u00e9s necessari fora de l\u2019escenari.<\/em><\/p><p>La pregunta principal \u00e9s: <strong>Qu\u00e8 necessites tu?<\/strong><\/p>\t\t\t\t\t\t\t\t<\/div>\n\t\t\t\t<\/div>\n\t\t\t\t<div class=\"elementor-element elementor-element-bcc601e elementor-widget elementor-widget-button\" data-id=\"bcc601e\" data-element_type=\"widget\" data-widget_type=\"button.default\">\n\t\t\t\t<div class=\"elementor-widget-container\">\n\t\t\t\t\t\t\t\t\t<div class=\"elementor-button-wrapper\">\n\t\t\t\t\t<a class=\"elementor-button elementor-button-link elementor-size-sm\" href=\"https:\/\/guiamb.com\/ca\/contacte\/\">\n\t\t\t\t\t\t<span class=\"elementor-button-content-wrapper\">\n\t\t\t\t\t\t\t\t\t<span class=\"elementor-button-text\">Explica'ns<\/span>\n\t\t\t\t\t<\/span>\n\t\t\t\t\t<\/a>\n\t\t\t\t<\/div>\n\t\t\t\t\t\t\t\t<\/div>\n\t\t\t\t<\/div>\n\t\t\t\t<\/div>\n\t\t\t\t<\/div>\n\t\t<div class=\"elementor-element elementor-element-df4a81c elementor-hidden-mobile e-flex e-con-boxed e-con e-parent\" data-id=\"df4a81c\" data-element_type=\"container\">\n\t\t\t\t\t<div class=\"e-con-inner\">\n\t\t<div class=\"elementor-element elementor-element-e15bd5d e-con-full e-flex e-con e-child\" data-id=\"e15bd5d\" data-element_type=\"container\">\n\t\t\t\t<div class=\"elementor-element elementor-element-38c15b1 elementor-widget elementor-widget-image\" data-id=\"38c15b1\" data-element_type=\"widget\" data-widget_type=\"image.default\">\n\t\t\t\t<div class=\"elementor-widget-container\">\n\t\t\t\t\t\t\t\t\t\t\t\t\t\t\t<img loading=\"lazy\" decoding=\"async\" width=\"1536\" height=\"693\" src=\"https:\/\/guiamb.com\/wp-content\/uploads\/2024\/10\/suenos-guiamb-1536x693-val.jpg\" class=\"attachment-full size-full wp-image-720\" alt=\"\" srcset=\"https:\/\/guiamb.com\/wp-content\/uploads\/2024\/10\/suenos-guiamb-1536x693-val.jpg 1536w, https:\/\/guiamb.com\/wp-content\/uploads\/2024\/10\/suenos-guiamb-1536x693-val-300x135.jpg 300w, https:\/\/guiamb.com\/wp-content\/uploads\/2024\/10\/suenos-guiamb-1536x693-val-1024x462.jpg 1024w, https:\/\/guiamb.com\/wp-content\/uploads\/2024\/10\/suenos-guiamb-1536x693-val-768x347.jpg 768w\" sizes=\"(max-width: 1536px) 100vw, 1536px\" \/>\t\t\t\t\t\t\t\t\t\t\t\t\t\t\t<\/div>\n\t\t\t\t<\/div>\n\t\t\t\t<\/div>\n\t\t\t\t\t<\/div>\n\t\t\t\t<\/div>\n\t\t<div class=\"elementor-element elementor-element-854b1c4 elementor-hidden-desktop elementor-hidden-tablet e-flex e-con-boxed e-con e-parent\" data-id=\"854b1c4\" data-element_type=\"container\">\n\t\t\t\t\t<div class=\"e-con-inner\">\n\t\t<div class=\"elementor-element elementor-element-bc839e9 e-con-full e-flex e-con e-child\" data-id=\"bc839e9\" data-element_type=\"container\">\n\t\t\t\t<div class=\"elementor-element elementor-element-d4cb8fd elementor-hidden-desktop elementor-hidden-tablet elementor-widget elementor-widget-image\" data-id=\"d4cb8fd\" data-element_type=\"widget\" data-widget_type=\"image.default\">\n\t\t\t\t<div class=\"elementor-widget-container\">\n\t\t\t\t\t\t\t\t\t\t\t\t\t\t\t<img loading=\"lazy\" decoding=\"async\" width=\"768\" height=\"540\" src=\"https:\/\/guiamb.com\/wp-content\/uploads\/2024\/10\/suenos-guiamb-mov-768x540-val.jpg\" class=\"attachment-full size-full wp-image-726\" alt=\"\" srcset=\"https:\/\/guiamb.com\/wp-content\/uploads\/2024\/10\/suenos-guiamb-mov-768x540-val.jpg 768w, https:\/\/guiamb.com\/wp-content\/uploads\/2024\/10\/suenos-guiamb-mov-768x540-val-300x211.jpg 300w\" sizes=\"(max-width: 768px) 100vw, 768px\" \/>\t\t\t\t\t\t\t\t\t\t\t\t\t\t\t<\/div>\n\t\t\t\t<\/div>\n\t\t\t\t<\/div>\n\t\t\t\t\t<\/div>\n\t\t\t\t<\/div>\n\t\t<div class=\"elementor-element elementor-element-5fd4739 elementor-hidden-mobile e-flex e-con-boxed e-con e-parent\" data-id=\"5fd4739\" data-element_type=\"container\">\n\t\t\t\t\t<div class=\"e-con-inner\">\n\t\t\t\t<div class=\"elementor-element elementor-element-34039e1 elementor-widget elementor-widget-image\" data-id=\"34039e1\" data-element_type=\"widget\" data-widget_type=\"image.default\">\n\t\t\t\t<div class=\"elementor-widget-container\">\n\t\t\t\t\t\t\t\t\t\t\t\t\t\t\t<img loading=\"lazy\" decoding=\"async\" width=\"1550\" height=\"1090\" src=\"https:\/\/guiamb.com\/wp-content\/uploads\/2024\/10\/puentes-movil-val.jpg\" class=\"attachment-full size-full wp-image-690\" alt=\"\" srcset=\"https:\/\/guiamb.com\/wp-content\/uploads\/2024\/10\/puentes-movil-val.jpg 1550w, https:\/\/guiamb.com\/wp-content\/uploads\/2024\/10\/puentes-movil-val-300x211.jpg 300w, https:\/\/guiamb.com\/wp-content\/uploads\/2024\/10\/puentes-movil-val-1024x720.jpg 1024w, https:\/\/guiamb.com\/wp-content\/uploads\/2024\/10\/puentes-movil-val-768x540.jpg 768w, https:\/\/guiamb.com\/wp-content\/uploads\/2024\/10\/puentes-movil-val-1536x1080.jpg 1536w\" sizes=\"(max-width: 1550px) 100vw, 1550px\" \/>\t\t\t\t\t\t\t\t\t\t\t\t\t\t\t<\/div>\n\t\t\t\t<\/div>\n\t\t\t\t\t<\/div>\n\t\t\t\t<\/div>\n\t\t<div class=\"elementor-element elementor-element-1be6107 elementor-hidden-desktop elementor-hidden-tablet e-flex e-con-boxed e-con e-parent\" data-id=\"1be6107\" data-element_type=\"container\">\n\t\t\t\t\t<div class=\"e-con-inner\">\n\t\t\t\t<div class=\"elementor-element elementor-element-aea7ee3 elementor-widget elementor-widget-image\" data-id=\"aea7ee3\" data-element_type=\"widget\" data-widget_type=\"image.default\">\n\t\t\t\t<div class=\"elementor-widget-container\">\n\t\t\t\t\t\t\t\t\t\t\t\t\t\t\t<img loading=\"lazy\" decoding=\"async\" width=\"1550\" height=\"1090\" src=\"https:\/\/guiamb.com\/wp-content\/uploads\/2024\/10\/puentes-movil-val.jpg\" class=\"attachment-full size-full wp-image-690\" alt=\"\" srcset=\"https:\/\/guiamb.com\/wp-content\/uploads\/2024\/10\/puentes-movil-val.jpg 1550w, https:\/\/guiamb.com\/wp-content\/uploads\/2024\/10\/puentes-movil-val-300x211.jpg 300w, https:\/\/guiamb.com\/wp-content\/uploads\/2024\/10\/puentes-movil-val-1024x720.jpg 1024w, https:\/\/guiamb.com\/wp-content\/uploads\/2024\/10\/puentes-movil-val-768x540.jpg 768w, https:\/\/guiamb.com\/wp-content\/uploads\/2024\/10\/puentes-movil-val-1536x1080.jpg 1536w\" sizes=\"(max-width: 1550px) 100vw, 1550px\" \/>\t\t\t\t\t\t\t\t\t\t\t\t\t\t\t<\/div>\n\t\t\t\t<\/div>\n\t\t\t\t\t<\/div>\n\t\t\t\t<\/div>\n\t\t<div class=\"elementor-element elementor-element-9713998 e-con-full e-flex e-con e-parent\" data-id=\"9713998\" data-element_type=\"container\">\n\t\t<div class=\"elementor-element elementor-element-e55db63 e-con-full e-flex e-con e-child\" data-id=\"e55db63\" data-element_type=\"container\">\n\t\t\t\t<div class=\"elementor-element elementor-element-339be8e elementor-invisible elementor-widget elementor-widget-image\" data-id=\"339be8e\" data-element_type=\"widget\" data-settings=\"{&quot;_animation&quot;:&quot;fadeInLeft&quot;}\" data-widget_type=\"image.default\">\n\t\t\t\t<div class=\"elementor-widget-container\">\n\t\t\t\t\t\t\t\t\t\t\t\t\t\t\t<img loading=\"lazy\" decoding=\"async\" width=\"1280\" height=\"706\" src=\"https:\/\/guiamb.com\/wp-content\/uploads\/2024\/07\/guiamb-cultura.jpg\" class=\"attachment-full size-full wp-image-204\" alt=\"\" srcset=\"https:\/\/guiamb.com\/wp-content\/uploads\/2024\/07\/guiamb-cultura.jpg 1280w, https:\/\/guiamb.com\/wp-content\/uploads\/2024\/07\/guiamb-cultura-300x165.jpg 300w, https:\/\/guiamb.com\/wp-content\/uploads\/2024\/07\/guiamb-cultura-1024x565.jpg 1024w, https:\/\/guiamb.com\/wp-content\/uploads\/2024\/07\/guiamb-cultura-768x424.jpg 768w\" sizes=\"(max-width: 1280px) 100vw, 1280px\" \/>\t\t\t\t\t\t\t\t\t\t\t\t\t\t\t<\/div>\n\t\t\t\t<\/div>\n\t\t\t\t<\/div>\n\t\t<div class=\"elementor-element elementor-element-5524604 e-con-full e-flex e-con e-child\" data-id=\"5524604\" data-element_type=\"container\">\n\t\t\t\t<div class=\"elementor-element elementor-element-8d28e0c elementor-invisible elementor-widget elementor-widget-image\" data-id=\"8d28e0c\" data-element_type=\"widget\" data-settings=\"{&quot;_animation&quot;:&quot;fadeInRight&quot;}\" data-widget_type=\"image.default\">\n\t\t\t\t<div class=\"elementor-widget-container\">\n\t\t\t\t\t\t\t\t\t\t\t\t\t\t\t<img loading=\"lazy\" decoding=\"async\" width=\"1280\" height=\"706\" src=\"https:\/\/guiamb.com\/wp-content\/uploads\/2024\/07\/guiamb-musica.jpg\" class=\"attachment-full size-full wp-image-207\" alt=\"\" srcset=\"https:\/\/guiamb.com\/wp-content\/uploads\/2024\/07\/guiamb-musica.jpg 1280w, https:\/\/guiamb.com\/wp-content\/uploads\/2024\/07\/guiamb-musica-300x165.jpg 300w, https:\/\/guiamb.com\/wp-content\/uploads\/2024\/07\/guiamb-musica-1024x565.jpg 1024w, https:\/\/guiamb.com\/wp-content\/uploads\/2024\/07\/guiamb-musica-768x424.jpg 768w\" sizes=\"(max-width: 1280px) 100vw, 1280px\" \/>\t\t\t\t\t\t\t\t\t\t\t\t\t\t\t<\/div>\n\t\t\t\t<\/div>\n\t\t\t\t<\/div>\n\t\t\t\t<\/div>\n\t\t\t\t<\/div>\n\t\t","protected":false},"excerpt":{"rendered":"<p>Tot el que \u00e9s necessari fora de l\u2019escenari Guia\u2019MB \u00e9s una empresa de gesti\u00f3 cultural fundada per Manuel i Beatriu, especialitzats a cobrir totes les necessitats pr\u00f2pies de l\u2019\u00e0mbit cultural, art\u00edstic i creatiu. T\u2019ajudem amb tot tipus de tr\u00e0mits per fer realitat el teu projecte: des de la gesti\u00f3 de subvencions i tasques administratives, a [&hellip;]<\/p>\n","protected":false},"author":1,"featured_media":0,"parent":0,"menu_order":1,"comment_status":"closed","ping_status":"closed","template":"","meta":{"_acf_changed":false,"footnotes":""},"class_list":["post-562","page","type-page","status-publish","hentry"],"acf":[],"_links":{"self":[{"href":"https:\/\/guiamb.com\/ca\/wp-json\/wp\/v2\/pages\/562","targetHints":{"allow":["GET"]}}],"collection":[{"href":"https:\/\/guiamb.com\/ca\/wp-json\/wp\/v2\/pages"}],"about":[{"href":"https:\/\/guiamb.com\/ca\/wp-json\/wp\/v2\/types\/page"}],"author":[{"embeddable":true,"href":"https:\/\/guiamb.com\/ca\/wp-json\/wp\/v2\/users\/1"}],"replies":[{"embeddable":true,"href":"https:\/\/guiamb.com\/ca\/wp-json\/wp\/v2\/comments?post=562"}],"version-history":[{"count":13,"href":"https:\/\/guiamb.com\/ca\/wp-json\/wp\/v2\/pages\/562\/revisions"}],"predecessor-version":[{"id":734,"href":"https:\/\/guiamb.com\/ca\/wp-json\/wp\/v2\/pages\/562\/revisions\/734"}],"wp:attachment":[{"href":"https:\/\/guiamb.com\/ca\/wp-json\/wp\/v2\/media?parent=562"}],"curies":[{"name":"wp","href":"https:\/\/api.w.org\/{rel}","templated":true}]}}