{"id":566,"date":"2024-07-23T09:46:10","date_gmt":"2024-07-23T07:46:10","guid":{"rendered":"https:\/\/guiamb.com\/servicios\/"},"modified":"2024-10-29T17:00:44","modified_gmt":"2024-10-29T16:00:44","slug":"serveis","status":"publish","type":"page","link":"https:\/\/guiamb.com\/ca\/serveis\/","title":{"rendered":"Serveis"},"content":{"rendered":"\t\t<div data-elementor-type=\"wp-page\" data-elementor-id=\"566\" class=\"elementor elementor-566 elementor-90\" data-elementor-post-type=\"page\">\n\t\t\t\t<div class=\"elementor-element elementor-element-399c3ef e-con-full e-flex e-con e-parent\" data-id=\"399c3ef\" data-element_type=\"container\">\n\t\t\t\t<div class=\"elementor-element elementor-element-70cc8b6 elementor-widget elementor-widget-heading\" data-id=\"70cc8b6\" data-element_type=\"widget\" data-widget_type=\"heading.default\">\n\t\t\t\t<div class=\"elementor-widget-container\">\n\t\t\t\t\t<h2 class=\"elementor-heading-title elementor-size-default\">Com podem ajudar-te?<\/h2>\t\t\t\t<\/div>\n\t\t\t\t<\/div>\n\t\t\t\t<div class=\"elementor-element elementor-element-00e6b09 elementor-widget-divider--view-line elementor-widget elementor-widget-divider\" data-id=\"00e6b09\" data-element_type=\"widget\" data-widget_type=\"divider.default\">\n\t\t\t\t<div class=\"elementor-widget-container\">\n\t\t\t\t\t\t\t<div class=\"elementor-divider\">\n\t\t\t<span class=\"elementor-divider-separator\">\n\t\t\t\t\t\t<\/span>\n\t\t<\/div>\n\t\t\t\t\t\t<\/div>\n\t\t\t\t<\/div>\n\t\t\t\t<\/div>\n\t\t<div class=\"elementor-element elementor-element-d1ebee7 e-con-full e-flex e-con e-parent\" data-id=\"d1ebee7\" data-element_type=\"container\">\n\t\t\t\t<div class=\"elementor-element elementor-element-2c07662 elementor-widget__width-initial elementor-widget elementor-widget-text-editor\" data-id=\"2c07662\" data-element_type=\"widget\" data-widget_type=\"text-editor.default\">\n\t\t\t\t<div class=\"elementor-widget-container\">\n\t\t\t\t\t\t\t\t\t<p>Ara que ens coneixes, parlem del que \u00e9s important: Qu\u00e8 podem fer per tu?<\/p><p>A Guia\u2019MB <strong>ens encarreguem de tr\u00e0mits, gestionem subvencions i oferim serveis de producci\u00f3 i difusi\u00f3 de projectes culturals; per\u00f2 aix\u00f2 \u00e9s nom\u00e9s el comen\u00e7ament<\/strong> de tot el que podem aportar-te.<\/p><p>No obstant aix\u00f2, creiem que la vertadera pregunta \u00e9s: <strong>Qu\u00e8 necessites tu?<\/strong> Sabem que cada projecte cultural \u00e9s diferent, \u00fanic. La millor forma d\u2019ajudar-te \u00e9s que ens contes de qu\u00e8 es tracta i junts veiem com podem potenciar-ho.<\/p><p>A Guia\u2019MB abordem les teues preocupacions amb atenci\u00f3 personalitzada i propera per complir amb el nostre lema: Oferir-te tot el que \u00e9s necessari fora de l\u2019escenari.<\/p>\t\t\t\t\t\t\t\t<\/div>\n\t\t\t\t<\/div>\n\t\t\t\t<div class=\"elementor-element elementor-element-2650652 elementor-widget elementor-widget-button\" data-id=\"2650652\" data-element_type=\"widget\" data-widget_type=\"button.default\">\n\t\t\t\t<div class=\"elementor-widget-container\">\n\t\t\t\t\t\t\t\t\t<div class=\"elementor-button-wrapper\">\n\t\t\t\t\t<a class=\"elementor-button elementor-button-link elementor-size-sm\" href=\"https:\/\/guiamb.com\/ca\/contacte\/\">\n\t\t\t\t\t\t<span class=\"elementor-button-content-wrapper\">\n\t\t\t\t\t\t\t\t\t<span class=\"elementor-button-text\">Explica'ns<\/span>\n\t\t\t\t\t<\/span>\n\t\t\t\t\t<\/a>\n\t\t\t\t<\/div>\n\t\t\t\t\t\t\t\t<\/div>\n\t\t\t\t<\/div>\n\t\t\t\t<\/div>\n\t\t<div class=\"elementor-element elementor-element-20b86a7 e-con-full e-flex e-con e-parent\" data-id=\"20b86a7\" data-element_type=\"container\" data-settings=\"{&quot;background_background&quot;:&quot;classic&quot;}\">\n\t\t\t\t<div class=\"elementor-element elementor-element-89666ec elementor-hidden-mobile elementor-widget elementor-widget-image\" data-id=\"89666ec\" data-element_type=\"widget\" data-widget_type=\"image.default\">\n\t\t\t\t<div class=\"elementor-widget-container\">\n\t\t\t\t\t\t\t\t\t\t\t\t\t\t\t<img fetchpriority=\"high\" decoding=\"async\" width=\"1536\" height=\"661\" src=\"https:\/\/guiamb.com\/wp-content\/uploads\/2024\/10\/servicios-banner-1536x661-val.jpg\" class=\"attachment-full size-full wp-image-702\" alt=\"\" srcset=\"https:\/\/guiamb.com\/wp-content\/uploads\/2024\/10\/servicios-banner-1536x661-val.jpg 1536w, https:\/\/guiamb.com\/wp-content\/uploads\/2024\/10\/servicios-banner-1536x661-val-300x129.jpg 300w, https:\/\/guiamb.com\/wp-content\/uploads\/2024\/10\/servicios-banner-1536x661-val-1024x441.jpg 1024w, https:\/\/guiamb.com\/wp-content\/uploads\/2024\/10\/servicios-banner-1536x661-val-768x331.jpg 768w\" sizes=\"(max-width: 1536px) 100vw, 1536px\" \/>\t\t\t\t\t\t\t\t\t\t\t\t\t\t\t<\/div>\n\t\t\t\t<\/div>\n\t\t\t\t<div class=\"elementor-element elementor-element-df0aaf2 elementor-hidden-desktop elementor-hidden-tablet elementor-widget elementor-widget-image\" data-id=\"df0aaf2\" data-element_type=\"widget\" data-widget_type=\"image.default\">\n\t\t\t\t<div class=\"elementor-widget-container\">\n\t\t\t\t\t\t\t\t\t\t\t\t\t\t\t<img decoding=\"async\" width=\"1500\" height=\"957\" src=\"https:\/\/guiamb.com\/wp-content\/uploads\/2024\/10\/servicios-banner-movil-val.jpg\" class=\"attachment-full size-full wp-image-708\" alt=\"\" srcset=\"https:\/\/guiamb.com\/wp-content\/uploads\/2024\/10\/servicios-banner-movil-val.jpg 1500w, https:\/\/guiamb.com\/wp-content\/uploads\/2024\/10\/servicios-banner-movil-val-300x191.jpg 300w, https:\/\/guiamb.com\/wp-content\/uploads\/2024\/10\/servicios-banner-movil-val-1024x653.jpg 1024w, https:\/\/guiamb.com\/wp-content\/uploads\/2024\/10\/servicios-banner-movil-val-768x490.jpg 768w\" sizes=\"(max-width: 1500px) 100vw, 1500px\" \/>\t\t\t\t\t\t\t\t\t\t\t\t\t\t\t<\/div>\n\t\t\t\t<\/div>\n\t\t\t\t<div class=\"elementor-element elementor-element-49b9038 elementor-align-center elementor-widget elementor-widget-button\" data-id=\"49b9038\" data-element_type=\"widget\" data-widget_type=\"button.default\">\n\t\t\t\t<div class=\"elementor-widget-container\">\n\t\t\t\t\t\t\t\t\t<div class=\"elementor-button-wrapper\">\n\t\t\t\t\t<a class=\"elementor-button elementor-button-link elementor-size-sm\" href=\"https:\/\/guiamb.com\/ca\/projectes\/\">\n\t\t\t\t\t\t<span class=\"elementor-button-content-wrapper\">\n\t\t\t\t\t\t\t\t\t<span class=\"elementor-button-text\">Descobreix ac\u00ed alguns projectes realitzats<\/span>\n\t\t\t\t\t<\/span>\n\t\t\t\t\t<\/a>\n\t\t\t\t<\/div>\n\t\t\t\t\t\t\t\t<\/div>\n\t\t\t\t<\/div>\n\t\t\t\t<\/div>\n\t\t<div class=\"elementor-element elementor-element-f8b93fe e-con-full e-flex e-con e-parent\" data-id=\"f8b93fe\" data-element_type=\"container\">\n\t\t<div class=\"elementor-element elementor-element-924f04b e-con-full e-flex e-con e-child\" data-id=\"924f04b\" data-element_type=\"container\">\n\t\t\t\t<div class=\"elementor-element elementor-element-42b8985 elementor-invisible elementor-widget elementor-widget-image\" data-id=\"42b8985\" data-element_type=\"widget\" data-settings=\"{&quot;_animation&quot;:&quot;fadeInLeft&quot;}\" data-widget_type=\"image.default\">\n\t\t\t\t<div class=\"elementor-widget-container\">\n\t\t\t\t\t\t\t\t\t\t\t\t\t\t\t<img decoding=\"async\" src=\"https:\/\/guiamb.com\/wp-content\/uploads\/2024\/07\/servicios-manuel-beatriu.jpg\" title=\"\" alt=\"\" loading=\"lazy\" \/>\t\t\t\t\t\t\t\t\t\t\t\t\t\t\t<\/div>\n\t\t\t\t<\/div>\n\t\t\t\t<\/div>\n\t\t<div class=\"elementor-element elementor-element-fba6ca5 e-con-full e-flex e-con e-child\" data-id=\"fba6ca5\" data-element_type=\"container\" data-settings=\"{&quot;background_background&quot;:&quot;classic&quot;}\">\n\t\t\t\t<div class=\"elementor-element elementor-element-fc48128 elementor-widget elementor-widget-heading\" data-id=\"fc48128\" data-element_type=\"widget\" data-widget_type=\"heading.default\">\n\t\t\t\t<div class=\"elementor-widget-container\">\n\t\t\t\t\t<h3 class=\"elementor-heading-title elementor-size-default\">Vols saber-ne m\u00e9s?<\/h3>\t\t\t\t<\/div>\n\t\t\t\t<\/div>\n\t\t\t\t<div class=\"elementor-element elementor-element-5b5cfeb elementor-widget__width-initial elementor-widget elementor-widget-text-editor\" data-id=\"5b5cfeb\" data-element_type=\"widget\" data-widget_type=\"text-editor.default\">\n\t\t\t\t<div class=\"elementor-widget-container\">\n\t\t\t\t\t\t\t\t\t<p>Som una empresa creada en 2024, l\u2019objectiu principal de la qual \u00e9s oferir serveis professionals de gesti\u00f3 cultural. Ens presentem, som Manuel i Beatriu.<\/p>\t\t\t\t\t\t\t\t<\/div>\n\t\t\t\t<\/div>\n\t\t\t\t<div class=\"elementor-element elementor-element-bb05f23 elementor-widget elementor-widget-button\" data-id=\"bb05f23\" data-element_type=\"widget\" data-widget_type=\"button.default\">\n\t\t\t\t<div class=\"elementor-widget-container\">\n\t\t\t\t\t\t\t\t\t<div class=\"elementor-button-wrapper\">\n\t\t\t\t\t<a class=\"elementor-button elementor-button-link elementor-size-sm\" href=\"https:\/\/guiamb.com\/ca\/qui-som\/\">\n\t\t\t\t\t\t<span class=\"elementor-button-content-wrapper\">\n\t\t\t\t\t\t\t\t\t<span class=\"elementor-button-text\">Sobre nosaltres<\/span>\n\t\t\t\t\t<\/span>\n\t\t\t\t\t<\/a>\n\t\t\t\t<\/div>\n\t\t\t\t\t\t\t\t<\/div>\n\t\t\t\t<\/div>\n\t\t\t\t<\/div>\n\t\t\t\t<\/div>\n\t\t\t\t<\/div>\n\t\t","protected":false},"excerpt":{"rendered":"<p>Com podem ajudar-te? Ara que ens coneixes, parlem del que \u00e9s important: Qu\u00e8 podem fer per tu? A Guia\u2019MB ens encarreguem de tr\u00e0mits, gestionem subvencions i oferim serveis de producci\u00f3 i difusi\u00f3 de projectes culturals; per\u00f2 aix\u00f2 \u00e9s nom\u00e9s el comen\u00e7ament de tot el que podem aportar-te. No obstant aix\u00f2, creiem que la vertadera pregunta [&hellip;]<\/p>\n","protected":false},"author":1,"featured_media":0,"parent":0,"menu_order":3,"comment_status":"closed","ping_status":"closed","template":"","meta":{"_acf_changed":false,"footnotes":""},"class_list":["post-566","page","type-page","status-publish","hentry"],"acf":[],"_links":{"self":[{"href":"https:\/\/guiamb.com\/ca\/wp-json\/wp\/v2\/pages\/566","targetHints":{"allow":["GET"]}}],"collection":[{"href":"https:\/\/guiamb.com\/ca\/wp-json\/wp\/v2\/pages"}],"about":[{"href":"https:\/\/guiamb.com\/ca\/wp-json\/wp\/v2\/types\/page"}],"author":[{"embeddable":true,"href":"https:\/\/guiamb.com\/ca\/wp-json\/wp\/v2\/users\/1"}],"replies":[{"embeddable":true,"href":"https:\/\/guiamb.com\/ca\/wp-json\/wp\/v2\/comments?post=566"}],"version-history":[{"count":16,"href":"https:\/\/guiamb.com\/ca\/wp-json\/wp\/v2\/pages\/566\/revisions"}],"predecessor-version":[{"id":761,"href":"https:\/\/guiamb.com\/ca\/wp-json\/wp\/v2\/pages\/566\/revisions\/761"}],"wp:attachment":[{"href":"https:\/\/guiamb.com\/ca\/wp-json\/wp\/v2\/media?parent=566"}],"curies":[{"name":"wp","href":"https:\/\/api.w.org\/{rel}","templated":true}]}}