{"id":565,"date":"2024-07-23T09:45:47","date_gmt":"2024-07-23T07:45:47","guid":{"rendered":"https:\/\/guiamb.com\/quienes-somos\/"},"modified":"2024-10-29T16:57:45","modified_gmt":"2024-10-29T15:57:45","slug":"about-us","status":"publish","type":"page","link":"https:\/\/guiamb.com\/en\/about-us\/","title":{"rendered":"About us"},"content":{"rendered":"\t\t<div data-elementor-type=\"wp-page\" data-elementor-id=\"565\" class=\"elementor elementor-565 elementor-88\" data-elementor-post-type=\"page\">\n\t\t\t\t<div class=\"elementor-element elementor-element-b6eb8fe e-flex e-con-boxed e-con e-parent\" data-id=\"b6eb8fe\" data-element_type=\"container\">\n\t\t\t\t\t<div class=\"e-con-inner\">\n\t\t\t\t<div class=\"elementor-element elementor-element-1bbeb01 elementor-widget elementor-widget-heading\" data-id=\"1bbeb01\" data-element_type=\"widget\" data-widget_type=\"heading.default\">\n\t\t\t\t<div class=\"elementor-widget-container\">\n\t\t\t\t\t<h2 class=\"elementor-heading-title elementor-size-default\">What is GUIA'MB?<\/h2>\t\t\t\t<\/div>\n\t\t\t\t<\/div>\n\t\t\t\t<div class=\"elementor-element elementor-element-2722362 elementor-widget-divider--view-line elementor-widget elementor-widget-divider\" data-id=\"2722362\" data-element_type=\"widget\" data-widget_type=\"divider.default\">\n\t\t\t\t<div class=\"elementor-widget-container\">\n\t\t\t\t\t\t\t<div class=\"elementor-divider\">\n\t\t\t<span class=\"elementor-divider-separator\">\n\t\t\t\t\t\t<\/span>\n\t\t<\/div>\n\t\t\t\t\t\t<\/div>\n\t\t\t\t<\/div>\n\t\t\t\t\t<\/div>\n\t\t\t\t<\/div>\n\t\t<div class=\"elementor-element elementor-element-708075f e-flex e-con-boxed e-con e-parent\" data-id=\"708075f\" data-element_type=\"container\">\n\t\t\t\t\t<div class=\"e-con-inner\">\n\t\t\t\t<div class=\"elementor-element elementor-element-c4b3648 elementor-widget__width-initial elementor-widget elementor-widget-text-editor\" data-id=\"c4b3648\" data-element_type=\"widget\" data-widget_type=\"text-editor.default\">\n\t\t\t\t<div class=\"elementor-widget-container\">\n\t\t\t\t\t\t\t\t\t<p>The G represents our brand, Guia\u2019MB as a whole.<br \/>We are a company founded in 2024, whose main objective is to offer professional cultural management services.<\/p>\t\t\t\t\t\t\t\t<\/div>\n\t\t\t\t<\/div>\n\t\t\t\t<div class=\"elementor-element elementor-element-955f7fa elementor-widget elementor-widget-image\" data-id=\"955f7fa\" data-element_type=\"widget\" data-widget_type=\"image.default\">\n\t\t\t\t<div class=\"elementor-widget-container\">\n\t\t\t\t\t\t\t\t\t\t\t\t\t\t\t<img fetchpriority=\"high\" decoding=\"async\" width=\"615\" height=\"255\" src=\"https:\/\/guiamb.com\/wp-content\/uploads\/2024\/07\/somos-G.png\" class=\"attachment-full size-full wp-image-219\" alt=\"\" srcset=\"https:\/\/guiamb.com\/wp-content\/uploads\/2024\/07\/somos-G.png 615w, https:\/\/guiamb.com\/wp-content\/uploads\/2024\/07\/somos-G-300x124.png 300w\" sizes=\"(max-width: 615px) 100vw, 615px\" \/>\t\t\t\t\t\t\t\t\t\t\t\t\t\t\t<\/div>\n\t\t\t\t<\/div>\n\t\t\t\t\t<\/div>\n\t\t\t\t<\/div>\n\t\t<div class=\"elementor-element elementor-element-27258e8 e-flex e-con-boxed e-con e-parent\" data-id=\"27258e8\" data-element_type=\"container\">\n\t\t\t\t\t<div class=\"e-con-inner\">\n\t\t<div class=\"elementor-element elementor-element-be1acc7 e-con-full e-flex e-con e-child\" data-id=\"be1acc7\" data-element_type=\"container\">\n\t\t\t\t<div class=\"elementor-element elementor-element-023e60c elementor-invisible elementor-widget elementor-widget-image\" data-id=\"023e60c\" data-element_type=\"widget\" data-settings=\"{&quot;_animation&quot;:&quot;fadeInLeft&quot;}\" data-widget_type=\"image.default\">\n\t\t\t\t<div class=\"elementor-widget-container\">\n\t\t\t\t\t\t\t\t\t\t\t\t\t\t\t<img decoding=\"async\" width=\"1092\" height=\"930\" src=\"https:\/\/guiamb.com\/wp-content\/uploads\/2024\/07\/somos-M-manuel.jpg\" class=\"attachment-full size-full wp-image-230\" alt=\"\" srcset=\"https:\/\/guiamb.com\/wp-content\/uploads\/2024\/07\/somos-M-manuel.jpg 1092w, https:\/\/guiamb.com\/wp-content\/uploads\/2024\/07\/somos-M-manuel-300x255.jpg 300w, https:\/\/guiamb.com\/wp-content\/uploads\/2024\/07\/somos-M-manuel-1024x872.jpg 1024w, https:\/\/guiamb.com\/wp-content\/uploads\/2024\/07\/somos-M-manuel-768x654.jpg 768w\" sizes=\"(max-width: 1092px) 100vw, 1092px\" \/>\t\t\t\t\t\t\t\t\t\t\t\t\t\t\t<\/div>\n\t\t\t\t<\/div>\n\t\t\t\t<\/div>\n\t\t<div class=\"elementor-element elementor-element-725f6dd e-con-full e-flex e-con e-child\" data-id=\"725f6dd\" data-element_type=\"container\">\n\t\t\t\t<div class=\"elementor-element elementor-element-da29cb7 elementor-widget elementor-widget-heading\" data-id=\"da29cb7\" data-element_type=\"widget\" data-widget_type=\"heading.default\">\n\t\t\t\t<div class=\"elementor-widget-container\">\n\t\t\t\t\t<h2 class=\"elementor-heading-title elementor-size-default\">What does M mean?<\/h2>\t\t\t\t<\/div>\n\t\t\t\t<\/div>\n\t\t\t\t<div class=\"elementor-element elementor-element-f0b6da9 elementor-widget elementor-widget-text-editor\" data-id=\"f0b6da9\" data-element_type=\"widget\" data-widget_type=\"text-editor.default\">\n\t\t\t\t<div class=\"elementor-widget-container\">\n\t\t\t\t\t\t\t\t\t<p>Manuel holds a degree in Musicology and is a specialist in Cultural Management. He completed a Master&#8217;s in Cultural Project Management and Leadership (2021) at the Rey Juan Carlos University in Madrid. His work is focused on the Valencian bassociative movement, as he has held leadership positions at the Ateneo Musical Maestro Gilabert Music Society for over six years.<\/p><p>He has worked as a guitar teacher in various academies (Escuela de M\u00fasica Maestro Alcolea de Aspe, Uni\u00f3n Musical la Art\u00edstica de Novelda, and Sociedad Musical La Lira de Monforte del Cid). He has also developed his work as an administrative assistant in cultural associations (Asociaci\u00f3n Musical Virgen del Remedio de Petrer). Manuel has collaborated with several artists and professionals in the cultural sector, handling programming, grant management, and marketing, among other tasks.<\/p><p>He firmly believes in the capacity of the cultural sector to face the challenges of the 21st century through honest and adaptable management, regardless of the size of the projects he works on. Commitment, dedication, and attention to detail are his trademarks.<\/p>\t\t\t\t\t\t\t\t<\/div>\n\t\t\t\t<\/div>\n\t\t\t\t<\/div>\n\t\t\t\t\t<\/div>\n\t\t\t\t<\/div>\n\t\t<div class=\"elementor-element elementor-element-7fba0a8 e-flex e-con-boxed e-con e-parent\" data-id=\"7fba0a8\" data-element_type=\"container\">\n\t\t\t\t\t<div class=\"e-con-inner\">\n\t\t<div class=\"elementor-element elementor-element-7d27211 e-con-full e-flex e-con e-child\" data-id=\"7d27211\" data-element_type=\"container\">\n\t\t\t\t<div class=\"elementor-element elementor-element-84e8e21 elementor-widget elementor-widget-heading\" data-id=\"84e8e21\" data-element_type=\"widget\" data-widget_type=\"heading.default\">\n\t\t\t\t<div class=\"elementor-widget-container\">\n\t\t\t\t\t<h2 class=\"elementor-heading-title elementor-size-default\">What does B mean?<\/h2>\t\t\t\t<\/div>\n\t\t\t\t<\/div>\n\t\t\t\t<div class=\"elementor-element elementor-element-72ef5f1 elementor-widget elementor-widget-text-editor\" data-id=\"72ef5f1\" data-element_type=\"widget\" data-widget_type=\"text-editor.default\">\n\t\t\t\t<div class=\"elementor-widget-container\">\n\t\t\t\t\t\t\t\t\t<p>Beatriu Llibertat holds a degree in Flute Performance and is a professional in Cultural Management. She specializes in teaching and management through her master\u2019s degrees in Secondary Education (2020) and Cultural Management (2020). She is skilled in achieving sustainable development goals and organizing cultural events.<\/p><p>She has worked as a flute teacher in various conservatories (Moncada and Ontinyent) and academies (l\u2019Om de Picassent, Canet de Berenguer) and as a secondary school teacher in the music specialty. In the field of cultural management, she has collaborated with several music, dance, and theater groups, performing communication and production coordination tasks.<\/p><p>She speaks three different languages from an early age (Valencian, Spanish, and English). This has helped her understand different cultures and appreciate the richness in diversity. Captivated by new challenges and the learning they bring, she strives to understand the needs of each audience, seeking greater empathy and meaningful learning through artistic projects.<\/p>\t\t\t\t\t\t\t\t<\/div>\n\t\t\t\t<\/div>\n\t\t\t\t<\/div>\n\t\t<div class=\"elementor-element elementor-element-07be93f e-con-full e-flex e-con e-child\" data-id=\"07be93f\" data-element_type=\"container\">\n\t\t\t\t<div class=\"elementor-element elementor-element-f285bf1 elementor-invisible elementor-widget elementor-widget-image\" data-id=\"f285bf1\" data-element_type=\"widget\" data-settings=\"{&quot;_animation&quot;:&quot;fadeInRight&quot;}\" data-widget_type=\"image.default\">\n\t\t\t\t<div class=\"elementor-widget-container\">\n\t\t\t\t\t\t\t\t\t\t\t\t\t\t\t<img decoding=\"async\" width=\"1092\" height=\"930\" src=\"https:\/\/guiamb.com\/wp-content\/uploads\/2024\/07\/somos-B-beatriu.jpg\" class=\"attachment-full size-full wp-image-236\" alt=\"\" srcset=\"https:\/\/guiamb.com\/wp-content\/uploads\/2024\/07\/somos-B-beatriu.jpg 1092w, https:\/\/guiamb.com\/wp-content\/uploads\/2024\/07\/somos-B-beatriu-300x255.jpg 300w, https:\/\/guiamb.com\/wp-content\/uploads\/2024\/07\/somos-B-beatriu-1024x872.jpg 1024w, https:\/\/guiamb.com\/wp-content\/uploads\/2024\/07\/somos-B-beatriu-768x654.jpg 768w\" sizes=\"(max-width: 1092px) 100vw, 1092px\" \/>\t\t\t\t\t\t\t\t\t\t\t\t\t\t\t<\/div>\n\t\t\t\t<\/div>\n\t\t\t\t<\/div>\n\t\t\t\t\t<\/div>\n\t\t\t\t<\/div>\n\t\t<div class=\"elementor-element elementor-element-007b7c9 e-con-full e-flex e-con e-parent\" data-id=\"007b7c9\" data-element_type=\"container\">\n\t\t\t\t<div class=\"elementor-element elementor-element-a2df9d5 elementor-hidden-mobile elementor-widget elementor-widget-image\" data-id=\"a2df9d5\" data-element_type=\"widget\" data-widget_type=\"image.default\">\n\t\t\t\t<div class=\"elementor-widget-container\">\n\t\t\t\t\t\t\t\t\t\t\t\t\t\t\t<img loading=\"lazy\" decoding=\"async\" width=\"1536\" height=\"682\" src=\"https:\/\/guiamb.com\/wp-content\/uploads\/2024\/10\/nosotros-banner-1536x682-eng.jpg\" class=\"attachment-full size-full wp-image-744\" alt=\"\" srcset=\"https:\/\/guiamb.com\/wp-content\/uploads\/2024\/10\/nosotros-banner-1536x682-eng.jpg 1536w, https:\/\/guiamb.com\/wp-content\/uploads\/2024\/10\/nosotros-banner-1536x682-eng-300x133.jpg 300w, https:\/\/guiamb.com\/wp-content\/uploads\/2024\/10\/nosotros-banner-1536x682-eng-1024x455.jpg 1024w, https:\/\/guiamb.com\/wp-content\/uploads\/2024\/10\/nosotros-banner-1536x682-eng-768x341.jpg 768w\" sizes=\"(max-width: 1536px) 100vw, 1536px\" \/>\t\t\t\t\t\t\t\t\t\t\t\t\t\t\t<\/div>\n\t\t\t\t<\/div>\n\t\t\t\t<div class=\"elementor-element elementor-element-22910cb elementor-hidden-desktop elementor-hidden-tablet elementor-widget elementor-widget-image\" data-id=\"22910cb\" data-element_type=\"widget\" data-widget_type=\"image.default\">\n\t\t\t\t<div class=\"elementor-widget-container\">\n\t\t\t\t\t\t\t\t\t\t\t\t\t\t\t<img loading=\"lazy\" decoding=\"async\" width=\"1500\" height=\"957\" src=\"https:\/\/guiamb.com\/wp-content\/uploads\/2024\/10\/somos-banner-movil-eng.jpg\" class=\"attachment-full size-full wp-image-712\" alt=\"\" srcset=\"https:\/\/guiamb.com\/wp-content\/uploads\/2024\/10\/somos-banner-movil-eng.jpg 1500w, https:\/\/guiamb.com\/wp-content\/uploads\/2024\/10\/somos-banner-movil-eng-300x191.jpg 300w, https:\/\/guiamb.com\/wp-content\/uploads\/2024\/10\/somos-banner-movil-eng-1024x653.jpg 1024w, https:\/\/guiamb.com\/wp-content\/uploads\/2024\/10\/somos-banner-movil-eng-768x490.jpg 768w\" sizes=\"(max-width: 1500px) 100vw, 1500px\" \/>\t\t\t\t\t\t\t\t\t\t\t\t\t\t\t<\/div>\n\t\t\t\t<\/div>\n\t\t\t\t<\/div>\n\t\t\t\t<\/div>\n\t\t","protected":false},"excerpt":{"rendered":"<p>What is GUIA&#8217;MB? The G represents our brand, Guia\u2019MB as a whole.We are a company founded in 2024, whose main objective is to offer professional cultural management services. What does M mean? Manuel holds a degree in Musicology and is a specialist in Cultural Management. He completed a Master&#8217;s in Cultural Project Management and Leadership [&hellip;]<\/p>\n","protected":false},"author":1,"featured_media":0,"parent":0,"menu_order":2,"comment_status":"closed","ping_status":"closed","template":"","meta":{"_acf_changed":false,"footnotes":""},"class_list":["post-565","page","type-page","status-publish","hentry"],"acf":[],"_links":{"self":[{"href":"https:\/\/guiamb.com\/en\/wp-json\/wp\/v2\/pages\/565","targetHints":{"allow":["GET"]}}],"collection":[{"href":"https:\/\/guiamb.com\/en\/wp-json\/wp\/v2\/pages"}],"about":[{"href":"https:\/\/guiamb.com\/en\/wp-json\/wp\/v2\/types\/page"}],"author":[{"embeddable":true,"href":"https:\/\/guiamb.com\/en\/wp-json\/wp\/v2\/users\/1"}],"replies":[{"embeddable":true,"href":"https:\/\/guiamb.com\/en\/wp-json\/wp\/v2\/comments?post=565"}],"version-history":[{"count":13,"href":"https:\/\/guiamb.com\/en\/wp-json\/wp\/v2\/pages\/565\/revisions"}],"predecessor-version":[{"id":752,"href":"https:\/\/guiamb.com\/en\/wp-json\/wp\/v2\/pages\/565\/revisions\/752"}],"wp:attachment":[{"href":"https:\/\/guiamb.com\/en\/wp-json\/wp\/v2\/media?parent=565"}],"curies":[{"name":"wp","href":"https:\/\/api.w.org\/{rel}","templated":true}]}}